{"id":672,"date":"2022-06-14T08:42:53","date_gmt":"2022-06-14T08:42:53","guid":{"rendered":"https:\/\/skomagerkarreen.dk\/?page_id=672"},"modified":"2026-03-13T08:34:25","modified_gmt":"2026-03-13T07:34:25","slug":"referater","status":"publish","type":"page","link":"https:\/\/skomagerkarreen.dk\/?page_id=672","title":{"rendered":"Referater"},"content":{"rendered":"\t\t<div data-elementor-type=\"wp-page\" data-elementor-id=\"672\" class=\"elementor elementor-672\" data-elementor-post-type=\"page\">\n\t\t\t\t\t\t<section class=\"elementor-section elementor-top-section elementor-element elementor-element-70c2655 elementor-section-boxed elementor-section-height-default elementor-section-height-default\" data-id=\"70c2655\" data-element_type=\"section\" data-e-type=\"section\">\n\t\t\t\t\t\t<div class=\"elementor-container elementor-column-gap-default\">\n\t\t\t\t\t<div class=\"elementor-column elementor-col-100 elementor-top-column elementor-element elementor-element-20efb5e\" data-id=\"20efb5e\" data-element_type=\"column\" data-e-type=\"column\">\n\t\t\t<div class=\"elementor-widget-wrap elementor-element-populated\">\n\t\t\t\t\t\t<div class=\"elementor-element elementor-element-15b5e50 elementor-widget elementor-widget-spacer\" data-id=\"15b5e50\" data-element_type=\"widget\" data-e-type=\"widget\" data-widget_type=\"spacer.default\">\n\t\t\t\t<div class=\"elementor-widget-container\">\n\t\t\t\t\t\t\t<div class=\"elementor-spacer\">\n\t\t\t<div class=\"elementor-spacer-inner\"><\/div>\n\t\t<\/div>\n\t\t\t\t\t\t<\/div>\n\t\t\t\t<\/div>\n\t\t\t\t<div class=\"elementor-element elementor-element-e07e138 elementor-widget elementor-widget-heading\" data-id=\"e07e138\" data-element_type=\"widget\" data-e-type=\"widget\" data-widget_type=\"heading.default\">\n\t\t\t\t<div class=\"elementor-widget-container\">\n\t\t\t\t\t<h2 class=\"elementor-heading-title elementor-size-default\">Referater<\/h2>\t\t\t\t<\/div>\n\t\t\t\t<\/div>\n\t\t\t\t<div class=\"elementor-element elementor-element-6fadf74 elementor-widget elementor-widget-text-editor\" data-id=\"6fadf74\" data-element_type=\"widget\" data-e-type=\"widget\" data-widget_type=\"text-editor.default\">\n\t\t\t\t<div class=\"elementor-widget-container\">\n\t\t\t\t\t\t\t\t\t<p style=\"text-align: center;\">Her under kan du finde referater fra G\u00e5rdlaugets bestyrelsesm\u00f8der, samt generalforsamlinger.<\/p><p style=\"text-align: center;\">\u00c6ldre referater, som der ikke er direkte link til, kan findes via det relevante link i menuen under &#8220;Dokument arkiv&#8221; &#8211; &#8220;Alle offenlige dokumenter&#8221;<\/p>\t\t\t\t\t\t\t\t<\/div>\n\t\t\t\t<\/div>\n\t\t\t\t<div class=\"elementor-element elementor-element-c1b3ce7 elementor-widget elementor-widget-spacer\" data-id=\"c1b3ce7\" data-element_type=\"widget\" data-e-type=\"widget\" data-widget_type=\"spacer.default\">\n\t\t\t\t<div class=\"elementor-widget-container\">\n\t\t\t\t\t\t\t<div class=\"elementor-spacer\">\n\t\t\t<div class=\"elementor-spacer-inner\"><\/div>\n\t\t<\/div>\n\t\t\t\t\t\t<\/div>\n\t\t\t\t<\/div>\n\t\t\t\t\t<\/div>\n\t\t<\/div>\n\t\t\t\t\t<\/div>\n\t\t<\/section>\n\t\t\t\t<section class=\"elementor-section elementor-top-section elementor-element elementor-element-d5ded71 elementor-section-boxed elementor-section-height-default elementor-section-height-default\" data-id=\"d5ded71\" data-element_type=\"section\" data-e-type=\"section\">\n\t\t\t\t\t\t<div class=\"elementor-container elementor-column-gap-default\">\n\t\t\t\t\t<div class=\"elementor-column elementor-col-33 elementor-top-column elementor-element elementor-element-1b5669d\" data-id=\"1b5669d\" data-element_type=\"column\" data-e-type=\"column\">\n\t\t\t<div class=\"elementor-widget-wrap elementor-element-populated\">\n\t\t\t\t\t\t<div class=\"elementor-element elementor-element-f1596bb elementor-widget elementor-widget-heading\" data-id=\"f1596bb\" data-element_type=\"widget\" data-e-type=\"widget\" data-widget_type=\"heading.default\">\n\t\t\t\t<div class=\"elementor-widget-container\">\n\t\t\t\t\t<h6 class=\"elementor-heading-title elementor-size-default\">G\u00e5rdlaug - Referater 2025<\/h6>\t\t\t\t<\/div>\n\t\t\t\t<\/div>\n\t\t\t\t<div class=\"elementor-element elementor-element-3a8bb85 elementor-widget elementor-widget-text-editor\" data-id=\"3a8bb85\" data-element_type=\"widget\" data-e-type=\"widget\" data-widget_type=\"text-editor.default\">\n\t\t\t\t<div class=\"elementor-widget-container\">\n\t\t\t\t\t\t\t\t\t<p style=\"text-align: center;\"><a href=\"https:\/\/drive.google.com\/file\/d\/19QtoXx5vuVmCbeFCtGlh1cwDb7PoAPM-\/view?usp=drive_link\" target=\"_blank\" rel=\"noopener\">Referat 27.02.25<\/a><\/p><p style=\"text-align: center;\"><a href=\"https:\/\/drive.google.com\/file\/d\/1CCS4Axp7CLNZQ1wIw5VjmdjdbsJ6co4p\/view?usp=drive_link\" target=\"_blank\" rel=\"noopener\">Referat 02.05.25<\/a><\/p><p style=\"text-align: center;\"><a href=\"https:\/\/drive.google.com\/file\/d\/1HF_cgC49sKq_xPB1wl59FZv_Xg8A9HWG\/view?usp=drive_link\" target=\"_blank\" rel=\"noopener\">Referat 21.08.25<\/a><\/p><p style=\"text-align: center;\"><a href=\"https:\/\/drive.google.com\/file\/d\/1_01USYJZfDeU7pytwVP25BpE4YorvGd2\/view?usp=drive_link\" target=\"_blank\" rel=\"noopener\">Referat 01.10.25<\/a><\/p><p style=\"text-align: center;\"><a href=\"https:\/\/drive.google.com\/file\/d\/1dR_J-dwS1bwmUB_cb6CbUxts7vhjzGZg\/view?usp=drive_link\" target=\"_blank\" rel=\"noopener\">Referat 29.10.25<\/a><\/p><p style=\"text-align: center;\"><a href=\"https:\/\/drive.google.com\/file\/d\/1348kAUGy4TTp7Ym-0iFX48JlmX9iVyJA\/view?usp=drive_link\" target=\"_blank\" rel=\"noopener\">Referat 02.12.25<\/a><\/p>\t\t\t\t\t\t\t\t<\/div>\n\t\t\t\t<\/div>\n\t\t\t\t<div class=\"elementor-element elementor-element-82d88c0 elementor-widget elementor-widget-heading\" data-id=\"82d88c0\" data-element_type=\"widget\" data-e-type=\"widget\" data-widget_type=\"heading.default\">\n\t\t\t\t<div class=\"elementor-widget-container\">\n\t\t\t\t\t<h6 class=\"elementor-heading-title elementor-size-default\">G\u00e5rdlaug - Referater 2024<\/h6>\t\t\t\t<\/div>\n\t\t\t\t<\/div>\n\t\t\t\t<div class=\"elementor-element elementor-element-948eac1 elementor-widget elementor-widget-text-editor\" data-id=\"948eac1\" data-element_type=\"widget\" data-e-type=\"widget\" data-widget_type=\"text-editor.default\">\n\t\t\t\t<div class=\"elementor-widget-container\">\n\t\t\t\t\t\t\t\t\t<p style=\"text-align: center;\"><a href=\"https:\/\/drive.google.com\/open?id=1xhl1Ga5iY9Nme3whutTzfjdf5sl9AGyw&amp;usp=drive_fs\" target=\"_blank\" rel=\"noopener\">Referat 05.09.24<\/a><\/p><p style=\"text-align: center;\"><a href=\"https:\/\/drive.google.com\/file\/d\/1qCd1M8qYhnvr2a7l8W8qWQw-LLbRnniL\/view?usp=sharing\" target=\"_blank\" rel=\"noopener\">Referat 18.04.24<\/a><\/p><p style=\"text-align: center;\"><a href=\"https:\/\/drive.google.com\/file\/d\/12_ksD1upDZR0KU05ZsvWOK35h4vLwCSs\/view?usp=sharing\" target=\"_blank\" rel=\"noopener\">Referat 08.02.24<\/a><\/p><p style=\"text-align: center;\"><a href=\"https:\/\/drive.google.com\/file\/d\/12ZiH9q6TzIrrf2681Q9jpnVzfVbfFNR0\/view?usp=drive_link\" target=\"_blank\" rel=\"noopener\">Referat 18.01.24<\/a><\/p>\t\t\t\t\t\t\t\t<\/div>\n\t\t\t\t<\/div>\n\t\t\t\t\t<\/div>\n\t\t<\/div>\n\t\t\t\t<div class=\"elementor-column elementor-col-33 elementor-top-column elementor-element elementor-element-8051729\" data-id=\"8051729\" data-element_type=\"column\" data-e-type=\"column\">\n\t\t\t<div class=\"elementor-widget-wrap elementor-element-populated\">\n\t\t\t\t\t\t<div class=\"elementor-element elementor-element-b75be90 elementor-widget elementor-widget-heading\" data-id=\"b75be90\" data-element_type=\"widget\" data-e-type=\"widget\" data-widget_type=\"heading.default\">\n\t\t\t\t<div class=\"elementor-widget-container\">\n\t\t\t\t\t<h6 class=\"elementor-heading-title elementor-size-default\"><span style=\"font-size: 16px;text-align: center\">G\u00e5rdlaug - Referater 2026<\/span><\/h6>\t\t\t\t<\/div>\n\t\t\t\t<\/div>\n\t\t\t\t<div class=\"elementor-element elementor-element-e89cb5b elementor-widget elementor-widget-text-editor\" data-id=\"e89cb5b\" data-element_type=\"widget\" data-e-type=\"widget\" data-widget_type=\"text-editor.default\">\n\t\t\t\t<div class=\"elementor-widget-container\">\n\t\t\t\t\t\t\t\t\t<p style=\"text-align: center;\"><a href=\"https:\/\/drive.google.com\/file\/d\/14A0ns59UKCC6SI4RMK8NSVgeRUN6FrmL\/view?usp=drive_link\" target=\"_blank\" rel=\"noopener\">Referat 22.01.26<\/a><\/p><p>\u00a0<\/p>\t\t\t\t\t\t\t\t<\/div>\n\t\t\t\t<\/div>\n\t\t\t\t\t<\/div>\n\t\t<\/div>\n\t\t\t\t<div class=\"elementor-column elementor-col-33 elementor-top-column elementor-element elementor-element-6320ddf\" data-id=\"6320ddf\" data-element_type=\"column\" data-e-type=\"column\">\n\t\t\t<div class=\"elementor-widget-wrap elementor-element-populated\">\n\t\t\t\t\t\t<div class=\"elementor-element elementor-element-610ae37 elementor-widget elementor-widget-heading\" data-id=\"610ae37\" data-element_type=\"widget\" data-e-type=\"widget\" data-widget_type=\"heading.default\">\n\t\t\t\t<div class=\"elementor-widget-container\">\n\t\t\t\t\t<h6 class=\"elementor-heading-title elementor-size-default\">Generalforsamling 2026<\/h6>\t\t\t\t<\/div>\n\t\t\t\t<\/div>\n\t\t\t\t<div class=\"elementor-element elementor-element-d93a2e8 elementor-widget elementor-widget-text-editor\" data-id=\"d93a2e8\" data-element_type=\"widget\" data-e-type=\"widget\" data-widget_type=\"text-editor.default\">\n\t\t\t\t<div class=\"elementor-widget-container\">\n\t\t\t\t\t\t\t\t\t<p style=\"text-align: center;\"><a href=\"https:\/\/drive.google.com\/file\/d\/1P0XF1g9kKMZmho_J93n3O-86OOehp_NY\/view?usp=drive_link\" target=\"_blank\" rel=\"noopener\">Indkaldelse til generalforsamling 2026<\/a><\/p><p style=\"text-align: center;\"><a href=\"https:\/\/drive.google.com\/file\/d\/1QEWMi-YAF173-c26IHPvgQvKc-w7Mdx6\/view?usp=drive_link\" target=\"_blank\" rel=\"noopener\">Bestyrelsensberetning 2025<\/a><\/p><p style=\"text-align: center;\"><a href=\"https:\/\/drive.google.com\/file\/d\/1KNKwfL2GRJM_QzZHA2b5oiuQEdGgAOrJ\/view?usp=drive_link\" target=\"_blank\" rel=\"noopener\">\u00c5rsrapport<\/a>\u00a02025<\/p><p style=\"text-align: center;\"><a href=\"https:\/\/drive.google.com\/file\/d\/1EvGRd2ll6RDM6xHDjXZbsxuLnak6iFRV\/view?usp=drive_link\" target=\"_blank\" rel=\"noopener\">Revisionsprotokollat 2025<\/a><\/p><p style=\"text-align: center;\"><a href=\"https:\/\/drive.google.com\/file\/d\/1JuFhCfym41nGXh9ZQ6Sl8bcgscGAulYe\/view?usp=drive_link\" target=\"_blank\" rel=\"noopener\">Budget 2026\/27<\/a><\/p><p style=\"text-align: center;\"><a href=\"https:\/\/drive.google.com\/file\/d\/1_7U1U22XSfMLWZT9lcfbMjSYSZ-yUwRd\/view?usp=drive_link\" target=\"_blank\" rel=\"noopener\">Bem\u00e6rkninger budget 2026\/27<\/a><\/p><p style=\"text-align: center;\"><a href=\"https:\/\/drive.google.com\/file\/d\/1AqpuunWOZ1Rz4Cz5EpMnkqmE42yy34dk\/view?usp=drive_link\" target=\"_blank\" rel=\"noopener\">Fuldmagtsblanket<\/a><\/p>\t\t\t\t\t\t\t\t<\/div>\n\t\t\t\t<\/div>\n\t\t\t\t<div class=\"elementor-element elementor-element-1bdfcfa elementor-widget elementor-widget-heading\" data-id=\"1bdfcfa\" data-element_type=\"widget\" data-e-type=\"widget\" data-widget_type=\"heading.default\">\n\t\t\t\t<div class=\"elementor-widget-container\">\n\t\t\t\t\t<h6 class=\"elementor-heading-title elementor-size-default\">Indkommende forslag<\/h6>\t\t\t\t<\/div>\n\t\t\t\t<\/div>\n\t\t\t\t<div class=\"elementor-element elementor-element-8fe8b63 elementor-widget elementor-widget-text-editor\" data-id=\"8fe8b63\" data-element_type=\"widget\" data-e-type=\"widget\" data-widget_type=\"text-editor.default\">\n\t\t\t\t<div class=\"elementor-widget-container\">\n\t\t\t\t\t\t\t\t\t<p style=\"text-align: center;\"><a href=\"https:\/\/drive.google.com\/file\/d\/1OgxmiJ_6uc9ZXo3WX0hvncff1blfw-aq\/view?usp=drive_link\" target=\"_blank\" rel=\"noopener\">Forslag fra AB Victoria<\/a><\/p>\t\t\t\t\t\t\t\t<\/div>\n\t\t\t\t<\/div>\n\t\t\t\t<div class=\"elementor-element elementor-element-de75c9b elementor-widget-divider--view-line elementor-widget elementor-widget-divider\" data-id=\"de75c9b\" data-element_type=\"widget\" data-e-type=\"widget\" data-widget_type=\"divider.default\">\n\t\t\t\t<div class=\"elementor-widget-container\">\n\t\t\t\t\t\t\t<div class=\"elementor-divider\">\n\t\t\t<span class=\"elementor-divider-separator\">\n\t\t\t\t\t\t<\/span>\n\t\t<\/div>\n\t\t\t\t\t\t<\/div>\n\t\t\t\t<\/div>\n\t\t\t\t<div class=\"elementor-element elementor-element-837b5ef elementor-widget elementor-widget-heading\" data-id=\"837b5ef\" data-element_type=\"widget\" data-e-type=\"widget\" data-widget_type=\"heading.default\">\n\t\t\t\t<div class=\"elementor-widget-container\">\n\t\t\t\t\t<h6 class=\"elementor-heading-title elementor-size-default\">Materiale for tidligere generalforsamlinger<\/h6>\t\t\t\t<\/div>\n\t\t\t\t<\/div>\n\t\t\t\t<div class=\"elementor-element elementor-element-41d17ef elementor-widget elementor-widget-text-editor\" data-id=\"41d17ef\" data-element_type=\"widget\" data-e-type=\"widget\" data-widget_type=\"text-editor.default\">\n\t\t\t\t<div class=\"elementor-widget-container\">\n\t\t\t\t\t\t\t\t\t<p><a href=\"https:\/\/drive.google.com\/file\/d\/1Fy_8aOnz3fc3uvuHxzqsKwNPJPXIgsSS\/view?usp=drive_link\" target=\"_blank\" rel=\"noopener\">2025 &#8211; Ekstraordin\u00e6r generalforsamling &#8211; Referat<\/a><\/p><p><a href=\"https:\/\/drive.google.com\/file\/d\/1IoR3WiYfJq_0L9GBZRS3tLOdcc_kD_SR\/view?usp=drive_link\" target=\"_blank\" rel=\"noopener\">2024\/25 &#8211; Bestyrelsesberetning<\/a><\/p><p><a href=\"https:\/\/drive.google.com\/file\/d\/1D1WpoGOYF2DGMUdr3HwgGVB3RaHFgutr\/view?usp=drive_link\" target=\"_blank\" rel=\"noopener\">2024\/25 &#8211; Referat<\/a><\/p><p><a href=\"https:\/\/drive.google.com\/file\/d\/1OLDP-0JlPbvnn0edYYvj_n1FFAdE0_8H\/view?usp=drive_link\" target=\"_blank\" rel=\"noopener\">2023\/24 &#8211; Bestyrelsesberetning<\/a><\/p><p><a href=\"https:\/\/drive.google.com\/file\/d\/1oZtOMH1MhIjyT_EKRwXeCZyTyMmcFGsw\/view?usp=drive_link\" target=\"_blank\" rel=\"noopener\">2023\/24 &#8211; Referat<\/a><\/p><p><a href=\"https:\/\/drive.google.com\/file\/d\/1Ko9R837J2lp5r4AR5FFseFHGAsGRK9Sa\/view?usp=share_link\" target=\"_blank\" rel=\"noopener\">2022\/23 &#8211; Bestyrelsesberetning<\/a><\/p><p><a href=\"https:\/\/drive.google.com\/file\/d\/1pAX4Sr_s4ACMsKb7HQoL83SS36B4HMyg\/view?usp=share_link\" target=\"_blank\" rel=\"noopener\">2022\/23 &#8211; Referat<\/a><\/p><p><a href=\"https:\/\/drive.google.com\/file\/d\/1IhQUYBpkLa93at_GPsy6d4whfRiYJY1M\/view?usp=share_link\" target=\"_blank\" rel=\"noopener\">2021\/22 &#8211; Bestyrelsesberetning<\/a><\/p><p><a href=\"https:\/\/drive.google.com\/file\/d\/1IewHHz2gxygpIspalhk9eKicoKLlUm7Q\/view?usp=share_link\"><span style=\"color: var( --e-global-color-text ); font-family: var( --e-global-typography-text-font-family ), Sans-serif; font-weight: var( --e-global-typography-text-font-weight ); font-size: 1rem;\">2021\/22 &#8211;\u00a0Referat<\/span><\/a><\/p><p><a href=\"https:\/\/drive.google.com\/file\/d\/1IZiEZEF1TB6meGHJR3_74vuRBBWZ8yQj\/view?usp=share_link\" target=\"_blank\" rel=\"noopener\">2020\/21 &#8211; Bestyrelsesberetning<\/a><\/p><p><a href=\"https:\/\/drive.google.com\/file\/d\/1IO3N5hktE_jKME8YPviwWp8y_aMTd2II\/view?usp=share_link\" target=\"_blank\" rel=\"noopener\">2020\/21 &#8211; Referat<\/a><\/p>\t\t\t\t\t\t\t\t<\/div>\n\t\t\t\t<\/div>\n\t\t\t\t\t<\/div>\n\t\t<\/div>\n\t\t\t\t\t<\/div>\n\t\t<\/section>\n\t\t\t\t<section class=\"elementor-section elementor-top-section elementor-element elementor-element-9e4cd29 elementor-section-boxed elementor-section-height-default elementor-section-height-default\" data-id=\"9e4cd29\" data-element_type=\"section\" data-e-type=\"section\">\n\t\t\t\t\t\t<div class=\"elementor-container elementor-column-gap-default\">\n\t\t\t\t\t<div class=\"elementor-column elementor-col-100 elementor-top-column elementor-element elementor-element-25b1ccf\" data-id=\"25b1ccf\" data-element_type=\"column\" data-e-type=\"column\">\n\t\t\t<div class=\"elementor-widget-wrap elementor-element-populated\">\n\t\t\t\t\t\t<div class=\"elementor-element elementor-element-0007c6b elementor-widget elementor-widget-spacer\" data-id=\"0007c6b\" data-element_type=\"widget\" data-e-type=\"widget\" data-widget_type=\"spacer.default\">\n\t\t\t\t<div class=\"elementor-widget-container\">\n\t\t\t\t\t\t\t<div class=\"elementor-spacer\">\n\t\t\t<div class=\"elementor-spacer-inner\"><\/div>\n\t\t<\/div>\n\t\t\t\t\t\t<\/div>\n\t\t\t\t<\/div>\n\t\t\t\t\t<\/div>\n\t\t<\/div>\n\t\t\t\t\t<\/div>\n\t\t<\/section>\n\t\t\t\t<\/div>\n\t\t","protected":false},"excerpt":{"rendered":"<p>Referater Her under kan du finde referater fra G\u00e5rdlaugets bestyrelsesm\u00f8der, samt generalforsamlinger. \u00c6ldre referater, som der ikke er direkte link til, kan findes via det relevante link i menuen under &#8220;Dokument arkiv&#8221; &#8211; &#8220;Alle offenlige dokumenter&#8221; G\u00e5rdlaug &#8211; Referater 2025 Referat 27.02.25 Referat 02.05.25 Referat 21.08.25 Referat 01.10.25 Referat 29.10.25 Referat 02.12.25 G\u00e5rdlaug &#8211; Referater [&hellip;]<\/p>\n","protected":false},"author":1,"featured_media":0,"parent":0,"menu_order":0,"comment_status":"closed","ping_status":"closed","template":"","meta":{"footnotes":""},"class_list":["post-672","page","type-page","status-publish","hentry"],"jetpack_sharing_enabled":true,"_links":{"self":[{"href":"https:\/\/skomagerkarreen.dk\/index.php?rest_route=\/wp\/v2\/pages\/672","targetHints":{"allow":["GET"]}}],"collection":[{"href":"https:\/\/skomagerkarreen.dk\/index.php?rest_route=\/wp\/v2\/pages"}],"about":[{"href":"https:\/\/skomagerkarreen.dk\/index.php?rest_route=\/wp\/v2\/types\/page"}],"author":[{"embeddable":true,"href":"https:\/\/skomagerkarreen.dk\/index.php?rest_route=\/wp\/v2\/users\/1"}],"replies":[{"embeddable":true,"href":"https:\/\/skomagerkarreen.dk\/index.php?rest_route=%2Fwp%2Fv2%2Fcomments&post=672"}],"version-history":[{"count":257,"href":"https:\/\/skomagerkarreen.dk\/index.php?rest_route=\/wp\/v2\/pages\/672\/revisions"}],"predecessor-version":[{"id":1409,"href":"https:\/\/skomagerkarreen.dk\/index.php?rest_route=\/wp\/v2\/pages\/672\/revisions\/1409"}],"wp:attachment":[{"href":"https:\/\/skomagerkarreen.dk\/index.php?rest_route=%2Fwp%2Fv2%2Fmedia&parent=672"}],"curies":[{"name":"wp","href":"https:\/\/api.w.org\/{rel}","templated":true}]}}