{"id":150,"date":"2022-06-07T05:36:56","date_gmt":"2022-06-07T05:36:56","guid":{"rendered":"https:\/\/skomagerkarreen.dk\/?page_id=150"},"modified":"2023-11-07T11:04:34","modified_gmt":"2023-11-07T10:04:34","slug":"klik-noegler","status":"publish","type":"page","link":"https:\/\/skomagerkarreen.dk\/?page_id=150","title":{"rendered":"Klik n\u00f8gler"},"content":{"rendered":"\t\t<div data-elementor-type=\"wp-page\" data-elementor-id=\"150\" class=\"elementor elementor-150\" data-elementor-post-type=\"page\">\n\t\t\t\t\t\t<section class=\"elementor-section elementor-top-section elementor-element elementor-element-94a8140 elementor-section-boxed elementor-section-height-default elementor-section-height-default\" data-id=\"94a8140\" data-element_type=\"section\" data-e-type=\"section\">\n\t\t\t\t\t\t<div class=\"elementor-container elementor-column-gap-default\">\n\t\t\t\t\t<div class=\"elementor-column elementor-col-66 elementor-top-column elementor-element elementor-element-5fb0615\" data-id=\"5fb0615\" data-element_type=\"column\" data-e-type=\"column\">\n\t\t\t<div class=\"elementor-widget-wrap elementor-element-populated\">\n\t\t\t\t\t\t<div class=\"elementor-element elementor-element-fbed4a5 elementor-widget elementor-widget-spacer\" data-id=\"fbed4a5\" data-element_type=\"widget\" data-e-type=\"widget\" data-widget_type=\"spacer.default\">\n\t\t\t\t<div class=\"elementor-widget-container\">\n\t\t\t\t\t\t\t<div class=\"elementor-spacer\">\n\t\t\t<div class=\"elementor-spacer-inner\"><\/div>\n\t\t<\/div>\n\t\t\t\t\t\t<\/div>\n\t\t\t\t<\/div>\n\t\t\t\t<div class=\"elementor-element elementor-element-0616177 elementor-widget elementor-widget-text-editor\" data-id=\"0616177\" data-element_type=\"widget\" data-e-type=\"widget\" data-widget_type=\"text-editor.default\">\n\t\t\t\t<div class=\"elementor-widget-container\">\n\t\t\t\t\t\t\t\t\t<h4 style=\"text-align: center;\">Bestilling af n\u00f8glebrikker til f\u00e6llesportene i Skomager-karreen.<\/h4>\t\t\t\t\t\t\t\t<\/div>\n\t\t\t\t<\/div>\n\t\t\t\t<div class=\"elementor-element elementor-element-c92ab5e elementor-widget elementor-widget-text-editor\" data-id=\"c92ab5e\" data-element_type=\"widget\" data-e-type=\"widget\" data-widget_type=\"text-editor.default\">\n\t\t\t\t<div class=\"elementor-widget-container\">\n\t\t\t\t\t\t\t\t\t<p><span style=\"color: var( --e-global-color-text ); font-size: 1rem;\">Har du brug for en ny n\u00f8glebrik, kan du bestille dette hos&nbsp;<\/span><span style=\"color: var( --e-global-color-text ); font-size: 1rem;\">g\u00e5rdlaugets bestyrelse. Skriv til skomagerkarreen@gmail.com. <\/span>Husk at angive din adresse ved bestilling.<\/p>\n<p>Vi indk\u00f8ber ekstra n\u00f8glebrikker efter behov, s\u00e5 du skal forvente op til 4 ugers leveringstid.<\/p>\n<p>N\u00f8glebrikker udleveres uden beregning.<\/p>\n<p><\/p>\n<p><strong>Hvis du mister en n\u00f8glebrik<\/strong><\/p>\n<p>Alle n\u00f8glebrikker er kodet med information om hvilken adresse de&nbsp;er udstedt til.<\/p>\n<p>Kontakt g\u00e5rdlaugets bestyrelse hvis du mister en n\u00f8glebrik. Vi kan hj\u00e6lpe med at sp\u00e6rre n\u00f8glebrikken, s\u00e5 uvedkommende ikke f\u00e5r adgang til g\u00e5rden..<\/p>\t\t\t\t\t\t\t\t<\/div>\n\t\t\t\t<\/div>\n\t\t\t\t\t<\/div>\n\t\t<\/div>\n\t\t\t\t<div class=\"elementor-column elementor-col-33 elementor-top-column elementor-element elementor-element-d1bcb03\" data-id=\"d1bcb03\" data-element_type=\"column\" data-e-type=\"column\">\n\t\t\t<div class=\"elementor-widget-wrap elementor-element-populated\">\n\t\t\t\t\t\t<div class=\"elementor-element elementor-element-8c56aad elementor-widget elementor-widget-image\" data-id=\"8c56aad\" data-element_type=\"widget\" data-e-type=\"widget\" data-widget_type=\"image.default\">\n\t\t\t\t<div class=\"elementor-widget-container\">\n\t\t\t\t\t\t\t\t\t\t\t\t\t\t\t<img fetchpriority=\"high\" decoding=\"async\" width=\"300\" height=\"253\" src=\"https:\/\/skomagerkarreen.dk\/wp-content\/uploads\/2022\/06\/Skomagerkarreen-300x253-1.jpg\" class=\"attachment-large size-large wp-image-608\" alt=\"\" \/>\t\t\t\t\t\t\t\t\t\t\t\t\t\t\t<\/div>\n\t\t\t\t<\/div>\n\t\t\t\t\t<\/div>\n\t\t<\/div>\n\t\t\t\t\t<\/div>\n\t\t<\/section>\n\t\t\t\t<\/div>\n\t\t","protected":false},"excerpt":{"rendered":"<p>Bestilling af n\u00f8glebrikker til f\u00e6llesportene i Skomager-karreen. Har du brug for en ny n\u00f8glebrik, kan du bestille dette hos&nbsp;g\u00e5rdlaugets bestyrelse. Skriv til skomagerkarreen@gmail.com. Husk at angive din adresse ved bestilling. Vi indk\u00f8ber ekstra n\u00f8glebrikker efter behov, s\u00e5 du skal forvente op til 4 ugers leveringstid. N\u00f8glebrikker udleveres uden beregning. Hvis du mister en n\u00f8glebrik Alle [&hellip;]<\/p>\n","protected":false},"author":1,"featured_media":0,"parent":0,"menu_order":0,"comment_status":"closed","ping_status":"closed","template":"","meta":{"footnotes":""},"class_list":["post-150","page","type-page","status-publish","hentry"],"jetpack_sharing_enabled":true,"_links":{"self":[{"href":"https:\/\/skomagerkarreen.dk\/index.php?rest_route=\/wp\/v2\/pages\/150","targetHints":{"allow":["GET"]}}],"collection":[{"href":"https:\/\/skomagerkarreen.dk\/index.php?rest_route=\/wp\/v2\/pages"}],"about":[{"href":"https:\/\/skomagerkarreen.dk\/index.php?rest_route=\/wp\/v2\/types\/page"}],"author":[{"embeddable":true,"href":"https:\/\/skomagerkarreen.dk\/index.php?rest_route=\/wp\/v2\/users\/1"}],"replies":[{"embeddable":true,"href":"https:\/\/skomagerkarreen.dk\/index.php?rest_route=%2Fwp%2Fv2%2Fcomments&post=150"}],"version-history":[{"count":45,"href":"https:\/\/skomagerkarreen.dk\/index.php?rest_route=\/wp\/v2\/pages\/150\/revisions"}],"predecessor-version":[{"id":1145,"href":"https:\/\/skomagerkarreen.dk\/index.php?rest_route=\/wp\/v2\/pages\/150\/revisions\/1145"}],"wp:attachment":[{"href":"https:\/\/skomagerkarreen.dk\/index.php?rest_route=%2Fwp%2Fv2%2Fmedia&parent=150"}],"curies":[{"name":"wp","href":"https:\/\/api.w.org\/{rel}","templated":true}]}}